{"id":771,"date":"2018-06-26T18:39:30","date_gmt":"2018-06-26T18:39:30","guid":{"rendered":"https:\/\/www.vs3analytics.ca\/?page_id=771"},"modified":"2025-03-27T18:50:14","modified_gmt":"2025-03-27T18:50:14","slug":"a-propos","status":"publish","type":"page","link":"https:\/\/www.vs3analytics.ca\/fr\/a-propos\/","title":{"rendered":"\u00c0 propos"},"content":{"rendered":"<div id=\"pl-771\"  class=\"panel-layout\" ><div id=\"pg-771-0\"  class=\"panel-grid panel-has-style\" ><div class=\"fade-in charles-hero panel-row-style panel-row-style-for-771-0\" ><div id=\"pgc-771-0-0\"  class=\"panel-grid-cell\" ><div id=\"panel-771-0-0-0\" class=\"so-panel widget widget_sow-hero panel-first-child panel-last-child\" data-index=\"0\" ><div\n\t\t\t\n\t\t\tclass=\"so-widget-sow-hero so-widget-sow-hero-default-35fb7380a01c-771 so-widget-fittext-wrapper\"\n\t\t\t data-fit-text-compressor=\"0.85\"\n\t\t>\t\t\t\t<div class=\"sow-slider-base\" style=\"display: none\" tabindex=\"0\">\n\t\t\t\t\t<ul\n\t\t\t\t\tclass=\"sow-slider-images\"\n\t\t\t\t\tdata-settings=\"{&quot;pagination&quot;:true,&quot;speed&quot;:800,&quot;timeout&quot;:8000,&quot;paused&quot;:false,&quot;pause_on_hover&quot;:false,&quot;swipe&quot;:true,&quot;nav_always_show_desktop&quot;:&quot;&quot;,&quot;nav_always_show_mobile&quot;:&quot;&quot;,&quot;breakpoint&quot;:&quot;780px&quot;,&quot;unmute&quot;:false,&quot;anchor&quot;:null}\"\n\t\t\t\t\tstyle=\"min-height: 300px\"\t\t\t\t\tdata-anchor-id=\"\"\n\t\t\t\t>\t\t<li class=\"sow-slider-image  sow-slider-image-cover\" style=\"visibility: visible;;background-color: #333333;background-image: url(https:\/\/www.vs3analytics.ca\/wp-content\/uploads\/2019\/05\/network-4221541_1920.jpg)\" >\n\t\t\t\t\t<div class=\"sow-slider-image-container\">\n\t\t\t<div class=\"sow-slider-image-wrapper\">\n\t\t\t\t\t\t\t<\/div>\n\t\t<\/div>\n\t\t\t\t<\/li>\n\t\t<\/ul>\t\t\t\t<ol class=\"sow-slider-pagination\">\n\t\t\t\t\t\t\t\t\t\t\t<li><a href=\"#\" data-goto=\"0\" aria-label=\"Display slide 1\"><\/a><\/li>\n\t\t\t\t\t\t\t\t\t<\/ol>\n\n\t\t\t\t<div class=\"sow-slide-nav sow-slide-nav-next\">\n\t\t\t\t\t<a href=\"#\" data-goto=\"next\" aria-label=\"Next slide\" data-action=\"next\">\n\t\t\t\t\t\t<em class=\"sow-sld-icon-thin-right\"><\/em>\n\t\t\t\t\t<\/a>\n\t\t\t\t<\/div>\n\n\t\t\t\t<div class=\"sow-slide-nav sow-slide-nav-prev\">\n\t\t\t\t\t<a href=\"#\" data-goto=\"previous\" aria-label=\"Previous slide\" data-action=\"prev\">\n\t\t\t\t\t\t<em class=\"sow-sld-icon-thin-left\"><\/em>\n\t\t\t\t\t<\/a>\n\t\t\t\t<\/div>\n\t\t\t\t<\/div><\/div><\/div><\/div><\/div><\/div><div id=\"pg-771-1\"  class=\"panel-grid panel-has-style\" ><div class=\"container-fluid solutions panel-row-style panel-row-style-for-771-1\" ><div id=\"pgc-771-1-0\"  class=\"panel-grid-cell\" ><div id=\"panel-771-1-0-0\" class=\"so-panel widget widget_sow-editor panel-first-child panel-last-child\" data-index=\"1\" ><div\n\t\t\t\n\t\t\tclass=\"so-widget-sow-editor so-widget-sow-editor-base\"\n\t\t\t\n\t\t>\n<div class=\"siteorigin-widget-tinymce textwidget\">\n\t<p>&nbsp;<\/p>\n<h1>Qui sommes-nous?<\/h1>\n<p>&nbsp;<\/p>\n<p>VS3analytics est une entreprise bas\u00e9e \u00e0 Qu\u00e9bec qui aide les PME \u00e0 d\u00e9couvrir et \u00e0 maximiser le potentiel de leurs donn\u00e9es. Notre mission est de contribuer \u00e0 am\u00e9liorer la performance de nos clients en les accompagnant dans la planification ainsi que dans la r\u00e9alisation de projets analytiques.<\/p>\n<p>Dans le monde num\u00e9rique d'aujourd'hui, la ma\u00eetrise de ses donn\u00e9es est devenue un \u00e9l\u00e9ment cl\u00e9 des processus de prises de d\u00e9cisions de toutes les entreprises. Nous vous aidons \u00e0 relever les d\u00e9fis associ\u00e9s \u00e0 la gestion et \u00e0 l'analyse de vos donn\u00e9es.<\/p>\n<p>L'innovation, l'int\u00e9grit\u00e9 et l'agilit\u00e9 sont au c\u0153ur de notre strat\u00e9gie d'affaires.<\/p>\n<\/div>\n<\/div><\/div><\/div><\/div><\/div><div id=\"pg-771-2\"  class=\"panel-grid panel-has-style\" ><div class=\"container-fluid solutions panel-row-style panel-row-style-for-771-2\" ><div id=\"pgc-771-2-0\"  class=\"panel-grid-cell\" ><div id=\"panel-771-2-0-0\" class=\"so-panel widget widget_sow-editor panel-first-child panel-last-child\" data-index=\"2\" ><div\n\t\t\t\n\t\t\tclass=\"so-widget-sow-editor so-widget-sow-editor-base\"\n\t\t\t\n\t\t>\n<div class=\"siteorigin-widget-tinymce textwidget\">\n\t<p>&nbsp;<\/p>\n<p>Le pr\u00e9sident et fondateur de VS3analytics, Charles Michaud, a oeuvr\u00e9 pendant plus de 10 ans dans le monde de la gestion et de l'analyse des donn\u00e9es dans un contexte financier avant de lancer son entreprise en 2019. Depuis ce temps, il a aid\u00e9 plusieurs PME de la grande r\u00e9gion de Qu\u00e9bec \u00e0 planifier leurs initiatives analytiques et \u00e0 mettre en place des solutions performantes permettant d'optimiser autant les op\u00e9rations que les strat\u00e9gies d'affaires. Dipl\u00f4m\u00e9 de l'Universit\u00e9 Laval en administration des affaires ainsi qu'en analytique de donn\u00e9es, il a \u00e9galement \u00e9tudi\u00e9 en technologies de l'information ce qui lui permet d'avoir une compr\u00e9hension globale des diff\u00e9rents domaines associ\u00e9s aux projets de donn\u00e9es.<\/p>\n<\/div>\n<\/div><\/div><\/div><\/div><\/div><\/div>","protected":false},"excerpt":{"rendered":"<p>&nbsp; Qui sommes-nous? &nbsp; VS3analytics est une entreprise bas\u00e9e \u00e0 Qu\u00e9bec qui aide les PME \u00e0 d\u00e9couvrir et \u00e0 maximiser le potentiel de leurs donn\u00e9es. Notre mission est de contribuer \u00e0 am\u00e9liorer la performance de nos clients en les accompagnant dans la planification ainsi que dans la r\u00e9alisation de projets analytiques. Dans le monde num\u00e9rique [&hellip;]<\/p>\n","protected":false},"author":2,"featured_media":0,"parent":0,"menu_order":0,"comment_status":"closed","ping_status":"closed","template":"","meta":{"_monsterinsights_skip_tracking":false,"_monsterinsights_sitenote_active":false,"_monsterinsights_sitenote_note":"","_monsterinsights_sitenote_category":0,"footnotes":""},"class_list":["post-771","page","type-page","status-publish","hentry"],"_links":{"self":[{"href":"https:\/\/www.vs3analytics.ca\/fr\/wp-json\/wp\/v2\/pages\/771","targetHints":{"allow":["GET"]}}],"collection":[{"href":"https:\/\/www.vs3analytics.ca\/fr\/wp-json\/wp\/v2\/pages"}],"about":[{"href":"https:\/\/www.vs3analytics.ca\/fr\/wp-json\/wp\/v2\/types\/page"}],"author":[{"embeddable":true,"href":"https:\/\/www.vs3analytics.ca\/fr\/wp-json\/wp\/v2\/users\/2"}],"replies":[{"embeddable":true,"href":"https:\/\/www.vs3analytics.ca\/fr\/wp-json\/wp\/v2\/comments?post=771"}],"version-history":[{"count":0,"href":"https:\/\/www.vs3analytics.ca\/fr\/wp-json\/wp\/v2\/pages\/771\/revisions"}],"wp:attachment":[{"href":"https:\/\/www.vs3analytics.ca\/fr\/wp-json\/wp\/v2\/media?parent=771"}],"curies":[{"name":"wp","href":"https:\/\/api.w.org\/{rel}","templated":true}]}}