{"id":4011,"date":"2023-09-19T20:28:57","date_gmt":"2023-09-19T20:28:57","guid":{"rendered":"https:\/\/www.vs3analytics.ca\/?page_id=4011"},"modified":"2023-09-19T20:28:57","modified_gmt":"2023-09-19T20:28:57","slug":"politique-de-confidentialite","status":"publish","type":"page","link":"https:\/\/www.vs3analytics.ca\/fr\/politique-de-confidentialite\/","title":{"rendered":"Politique de confidentialit\u00e9"},"content":{"rendered":"<div id=\"pl-4011\"  class=\"panel-layout\" ><div id=\"pg-4011-0\"  class=\"panel-grid panel-has-style\" ><div class=\"fade-in charles-hero panel-row-style panel-row-style-for-4011-0\" ><div id=\"pgc-4011-0-0\"  class=\"panel-grid-cell\" ><div id=\"panel-4011-0-0-0\" class=\"so-panel widget widget_sow-hero panel-first-child panel-last-child\" data-index=\"0\" ><div\n\t\t\t\n\t\t\tclass=\"so-widget-sow-hero so-widget-sow-hero-default-35fb7380a01c-4011 so-widget-fittext-wrapper\"\n\t\t\t data-fit-text-compressor=\"0.85\"\n\t\t>\t\t\t\t<div class=\"sow-slider-base\" style=\"display: none\" tabindex=\"0\">\n\t\t\t\t\t<ul\n\t\t\t\t\tclass=\"sow-slider-images\"\n\t\t\t\t\tdata-settings=\"{&quot;pagination&quot;:true,&quot;speed&quot;:800,&quot;timeout&quot;:8000,&quot;paused&quot;:false,&quot;pause_on_hover&quot;:false,&quot;swipe&quot;:true,&quot;nav_always_show_desktop&quot;:&quot;&quot;,&quot;nav_always_show_mobile&quot;:&quot;&quot;,&quot;breakpoint&quot;:&quot;780px&quot;,&quot;unmute&quot;:false,&quot;anchor&quot;:null}\"\n\t\t\t\t\tstyle=\"min-height: 300px\"\t\t\t\t\tdata-anchor-id=\"\"\n\t\t\t\t>\t\t<li class=\"sow-slider-image  sow-slider-image-cover\" style=\"visibility: visible;;background-color: #333333;background-image: url(https:\/\/www.vs3analytics.ca\/wp-content\/uploads\/2018\/06\/carlos-muza-84523-unsplash.jpg)\" >\n\t\t\t\t\t<div class=\"sow-slider-image-container\">\n\t\t\t<div class=\"sow-slider-image-wrapper\">\n\t\t\t\t\t\t\t<\/div>\n\t\t<\/div>\n\t\t\t\t<\/li>\n\t\t<\/ul>\t\t\t\t<ol class=\"sow-slider-pagination\">\n\t\t\t\t\t\t\t\t\t\t\t<li><a href=\"#\" data-goto=\"0\" aria-label=\"Display slide 1\"><\/a><\/li>\n\t\t\t\t\t\t\t\t\t<\/ol>\n\n\t\t\t\t<div class=\"sow-slide-nav sow-slide-nav-next\">\n\t\t\t\t\t<a href=\"#\" data-goto=\"next\" aria-label=\"Next slide\" data-action=\"next\">\n\t\t\t\t\t\t<em class=\"sow-sld-icon-thin-right\"><\/em>\n\t\t\t\t\t<\/a>\n\t\t\t\t<\/div>\n\n\t\t\t\t<div class=\"sow-slide-nav sow-slide-nav-prev\">\n\t\t\t\t\t<a href=\"#\" data-goto=\"previous\" aria-label=\"Previous slide\" data-action=\"prev\">\n\t\t\t\t\t\t<em class=\"sow-sld-icon-thin-left\"><\/em>\n\t\t\t\t\t<\/a>\n\t\t\t\t<\/div>\n\t\t\t\t<\/div><\/div><\/div><\/div><\/div><\/div><div id=\"pg-4011-1\"  class=\"panel-grid panel-has-style\" ><div class=\"container panel-row-style panel-row-style-for-4011-1\" ><div id=\"pgc-4011-1-0\"  class=\"panel-grid-cell\" ><div id=\"panel-4011-1-0-0\" class=\"so-panel widget widget_sow-editor panel-first-child panel-last-child\" data-index=\"1\" ><div\n\t\t\t\n\t\t\tclass=\"so-widget-sow-editor so-widget-sow-editor-base\"\n\t\t\t\n\t\t>\n<div class=\"siteorigin-widget-tinymce textwidget\">\n\t<h1><b>Politique de confidentialit\u00e9<\/b><\/h1>\n<p><span style=\"font-weight: 400;\">Devant le d\u00e9veloppement des nouveaux outils de communication, il est n\u00e9cessaire de porter une attention particuli\u00e8re \u00e0 la protection de la vie priv\u00e9e. C\u2019est pourquoi, nous nous engageons \u00e0 respecter la confidentialit\u00e9 des renseignements que nous collectons.<\/span><\/p>\n<p><span style=\"font-weight: 400;\">Bien que nous ne collectons pas de renseignements personnels au sens de la loi (hormis l\u2019information collig\u00e9e par l\u2019entremise de t\u00e9moins de connexion tel qu\u2019\u00e9nonc\u00e9 ci-dessous), la pr\u00e9sente Politique de confidentialit\u00e9 a pour but de vous informer de nos pratiques en mati\u00e8re de collecte des renseignements personnels.<\/span><span style=\"font-weight: 400;\"><br \/>\n<\/span><span style=\"font-weight: 400;\"><br \/>\n<\/span><\/p>\n<h1>Utilisation de fichiers t\u00e9moins (\u00ab cookies \u00bb)<\/h1>\n<p><span style=\"font-weight: 400;\">Nous utilisons des cookies pour am\u00e9liorer votre exp\u00e9rience de navigation et pour mieux comprendre comment vous utilisez notre site web. Les cookies sont de petits fichiers qui sont stock\u00e9s sur votre ordinateur lorsque vous visitez notre site web. Ils contiennent des informations telles que la langue d'affichage et certaines habitudes de navigation. Ces donn\u00e9es sont utilis\u00e9es \u00e0 des fins statistiques, ainsi que pour activer certaines fonctionnalit\u00e9s et faciliter votre navigation. Les informations recueillies par les cookies sont confidentielles en tout temps. Vous pouvez d\u00e9sactiver ou bloquer les cookies en configurant les param\u00e8tres de votre navigateur.<\/span><\/p>\n<h1><b>Renseignements transmis<\/b><\/h1>\n<p>VS3 Analytics ne sollicite pas de renseignements personnels de la part de ses visiteurs par l\u2019entremise de son site, mais uniquement des renseignements dits \u00ab d\u2019affaires \u00bb et la nature de votre requ\u00eate. Toutefois, nous nous engageons \u00e0 assurer la protection des renseignements personnels que vous pourriez nous communiquer.<\/p>\n<h1><b>Liens vers d\u2019autres sites web<\/b><\/h1>\n<p><span style=\"font-weight: 400;\">Notre site web pourra proposer de temps \u00e0 autre des hyperliens vers d\u2019autres sites. Les renseignements \u00e9chang\u00e9s sur ces sites ne sont pas assujettis \u00e0 la pr\u00e9sente Politique de confidentialit\u00e9, mais \u00e0 celles des sites externes concern\u00e9s, s\u2019il en existe. Le cas \u00e9ch\u00e9ant, nous vous invitons \u00e0 les consulter ou avant de communiquer vos renseignements personnels.<\/span><\/p>\n<h1><b>Acc\u00e8s \u00e0 vos renseignements personnels<\/b><\/h1>\n<p><span style=\"font-weight: 400;\">Une fois que nous vous avons bien identifi\u00e9, vous pouvez demander de consulter les renseignements personnels que nous poss\u00e9dons \u00e0 votre sujet, selon ce que la loi autorise ou exige. Une demande \u00e9crite de votre part est n\u00e9cessaire.\u00a0<\/span><\/p>\n<p><span style=\"font-weight: 400;\">Le droit de retrait s\u2019entend comme \u00e9tant la possibilit\u00e9 offerte aux internautes de demander \u00e0 ce que leurs renseignements personnels ne figurent plus, par exemple, dans une liste de diffusion.<\/span><\/p>\n<h1><b>Responsable de la protection des renseignements personnels<\/b><\/h1>\n<p><span style=\"font-weight: 400;\">Pour toute question au sujet du traitement ou de la mise \u00e0 jour de vos renseignements personnels ou pour nous faire part de toute pr\u00e9occupation \u00e0 cet \u00e9gard, <a href=\"https:\/\/www.vs3analytics.ca\/fr\/nous-joindre\/\">veuillez communiquer avec nous par courriel<\/a>. Le responsable de la protection des renseignements personnels prendra contact avec vous dans les trente (30) jours suivant la r\u00e9ception de votre message.<\/span><\/p>\n<h1><b>Modification de la pr\u00e9sente politique<\/b><\/h1>\n<p><span style=\"font-weight: 400;\">Nous pouvons modifier le contenu de la pr\u00e9sente Politique de confidentialit\u00e9 \u00e0 tout moment. Nous vous invitons donc \u00e0 la consulter de mani\u00e8re r\u00e9guli\u00e8re afin de demeurer inform\u00e9 de la mani\u00e8re dont nous traitons les renseignements personnels.<\/span><\/p>\n<p><span style=\"font-weight: 400;\">Cette version a \u00e9t\u00e9 mise \u00e0 jour le 22 septembre 2023.<\/span><\/p>\n<\/div>\n<\/div><\/div><\/div><\/div><\/div><\/div>","protected":false},"excerpt":{"rendered":"<p>Politique de confidentialit\u00e9 Devant le d\u00e9veloppement des nouveaux outils de communication, il est n\u00e9cessaire de porter une attention particuli\u00e8re \u00e0 la protection de la vie priv\u00e9e. C\u2019est pourquoi, nous nous engageons \u00e0 respecter la confidentialit\u00e9 des renseignements que nous collectons. Bien que nous ne collectons pas de renseignements personnels au sens de la loi (hormis [&hellip;]<\/p>\n","protected":false},"author":2,"featured_media":0,"parent":0,"menu_order":0,"comment_status":"closed","ping_status":"closed","template":"","meta":{"_monsterinsights_skip_tracking":false,"_monsterinsights_sitenote_active":false,"_monsterinsights_sitenote_note":"","_monsterinsights_sitenote_category":0,"footnotes":""},"class_list":["post-4011","page","type-page","status-publish","hentry"],"_links":{"self":[{"href":"https:\/\/www.vs3analytics.ca\/fr\/wp-json\/wp\/v2\/pages\/4011","targetHints":{"allow":["GET"]}}],"collection":[{"href":"https:\/\/www.vs3analytics.ca\/fr\/wp-json\/wp\/v2\/pages"}],"about":[{"href":"https:\/\/www.vs3analytics.ca\/fr\/wp-json\/wp\/v2\/types\/page"}],"author":[{"embeddable":true,"href":"https:\/\/www.vs3analytics.ca\/fr\/wp-json\/wp\/v2\/users\/2"}],"replies":[{"embeddable":true,"href":"https:\/\/www.vs3analytics.ca\/fr\/wp-json\/wp\/v2\/comments?post=4011"}],"version-history":[{"count":0,"href":"https:\/\/www.vs3analytics.ca\/fr\/wp-json\/wp\/v2\/pages\/4011\/revisions"}],"wp:attachment":[{"href":"https:\/\/www.vs3analytics.ca\/fr\/wp-json\/wp\/v2\/media?parent=4011"}],"curies":[{"name":"wp","href":"https:\/\/api.w.org\/{rel}","templated":true}]}}