{"id":3626,"date":"2019-10-03T13:31:33","date_gmt":"2019-10-03T13:31:33","guid":{"rendered":"https:\/\/www.vs3analytics.ca\/?page_id=3626"},"modified":"2019-10-04T13:07:45","modified_gmt":"2019-10-04T13:07:45","slug":"services-support","status":"publish","type":"page","link":"https:\/\/www.vs3analytics.ca\/fr\/services-support\/","title":{"rendered":"Services -Maintenance"},"content":{"rendered":"<div id=\"pl-3626\"  class=\"panel-layout\" ><div id=\"pg-3626-0\"  class=\"panel-grid panel-has-style\" ><div class=\"fade-in charles-hero panel-row-style panel-row-style-for-3626-0\" ><div id=\"pgc-3626-0-0\"  class=\"panel-grid-cell\" ><div id=\"panel-3626-0-0-0\" class=\"so-panel widget widget_sow-hero panel-first-child\" data-index=\"0\" ><div\n\t\t\t\n\t\t\tclass=\"so-widget-sow-hero so-widget-sow-hero-default-35fb7380a01c-3626 so-widget-fittext-wrapper\"\n\t\t\t data-fit-text-compressor=\"0.85\"\n\t\t>\t\t\t\t<div class=\"sow-slider-base\" style=\"display: none\" tabindex=\"0\">\n\t\t\t\t\t<ul\n\t\t\t\t\tclass=\"sow-slider-images\"\n\t\t\t\t\tdata-settings=\"{&quot;pagination&quot;:true,&quot;speed&quot;:800,&quot;timeout&quot;:8000,&quot;paused&quot;:false,&quot;pause_on_hover&quot;:false,&quot;swipe&quot;:true,&quot;nav_always_show_desktop&quot;:&quot;&quot;,&quot;nav_always_show_mobile&quot;:&quot;&quot;,&quot;breakpoint&quot;:&quot;780px&quot;,&quot;unmute&quot;:false,&quot;anchor&quot;:null}\"\n\t\t\t\t\tstyle=\"min-height: 300px\"\t\t\t\t\tdata-anchor-id=\"\"\n\t\t\t\t>\t\t<li class=\"sow-slider-image  sow-slider-image-cover\" style=\"visibility: visible;;background-color: #333333;background-image: url(https:\/\/www.vs3analytics.ca\/wp-content\/uploads\/2018\/06\/rawpixel-594763-unsplash.jpg)\" >\n\t\t\t\t\t<div class=\"sow-slider-image-container\">\n\t\t\t<div class=\"sow-slider-image-wrapper\">\n\t\t\t\t\t\t\t<\/div>\n\t\t<\/div>\n\t\t\t\t<\/li>\n\t\t<\/ul>\t\t\t\t<ol class=\"sow-slider-pagination\">\n\t\t\t\t\t\t\t\t\t\t\t<li><a href=\"#\" data-goto=\"0\" aria-label=\"Display slide 1\"><\/a><\/li>\n\t\t\t\t\t\t\t\t\t<\/ol>\n\n\t\t\t\t<div class=\"sow-slide-nav sow-slide-nav-next\">\n\t\t\t\t\t<a href=\"#\" data-goto=\"next\" aria-label=\"Next slide\" data-action=\"next\">\n\t\t\t\t\t\t<em class=\"sow-sld-icon-thin-right\"><\/em>\n\t\t\t\t\t<\/a>\n\t\t\t\t<\/div>\n\n\t\t\t\t<div class=\"sow-slide-nav sow-slide-nav-prev\">\n\t\t\t\t\t<a href=\"#\" data-goto=\"previous\" aria-label=\"Previous slide\" data-action=\"prev\">\n\t\t\t\t\t\t<em class=\"sow-sld-icon-thin-left\"><\/em>\n\t\t\t\t\t<\/a>\n\t\t\t\t<\/div>\n\t\t\t\t<\/div><\/div><\/div><div id=\"panel-3626-0-0-1\" class=\"so-panel widget widget_siteorigin-panels-builder\" data-index=\"1\" ><div class=\"container-fluid panel-widget-style panel-widget-style-for-3626-0-0-1\" ><div id=\"pl-w5d95f85ae316a\"  class=\"panel-layout\" ><div id=\"pg-w5d95f85ae316a-0\"  class=\"panel-grid panel-has-style\" ><div class=\"panel-row-style panel-row-style-for-w5d95f85ae316a-0\" ><div id=\"pgc-w5d95f85ae316a-0-0\"  class=\"panel-grid-cell\" ><div id=\"panel-w5d95f85ae316a-0-0-0\" class=\"so-panel widget widget_sow-editor panel-first-child panel-last-child\" data-index=\"0\" ><div class=\"panel-widget-style panel-widget-style-for-w5d95f85ae316a-0-0-0\" ><div\n\t\t\t\n\t\t\tclass=\"so-widget-sow-editor so-widget-sow-editor-base\"\n\t\t\t\n\t\t><h3 class=\"widget-title\">Maintenance et formation<\/h3>\n<div class=\"siteorigin-widget-tinymce textwidget\">\n\t<p>&nbsp;<\/p>\n<p>La maintenance de vos solutions est lourde et vos \u00e9quipes en place n'ont pas le niveau d'expertise requis ?<\/p>\n<p>Ne vous inqui\u00e9tez plus, nous sommes l\u00e0 pour vous supporter avec l'\u00e9volution de vos solutions actuelles et la formation de vos ressources par l'entremise de notre expertise en analytique ainsi que par une s\u00e9rie de formations sp\u00e9cialis\u00e9es.<\/p>\n<p>&nbsp;<\/p>\n<p>&nbsp;<\/p>\n<\/div>\n<\/div><\/div><\/div><\/div><div id=\"pgc-w5d95f85ae316a-0-1\"  class=\"panel-grid-cell\" ><div id=\"panel-w5d95f85ae316a-0-1-0\" class=\"so-panel widget widget_sow-image panel-first-child panel-last-child\" data-index=\"1\" ><div class=\"panel-widget-style panel-widget-style-for-w5d95f85ae316a-0-1-0\" ><div\n\t\t\t\n\t\t\tclass=\"so-widget-sow-image so-widget-sow-image-default-c67d20f9f743\"\n\t\t\t\n\t\t>\n<div class=\"sow-image-container\">\n\t\t<img loading=\"lazy\" decoding=\"async\" src=\"https:\/\/www.vs3analytics.ca\/wp-content\/uploads\/2018\/12\/flaticon_training-300x300.png\" width=\"300\" height=\"300\" srcset=\"https:\/\/www.vs3analytics.ca\/wp-content\/uploads\/2018\/12\/flaticon_training-300x300.png 300w, https:\/\/www.vs3analytics.ca\/wp-content\/uploads\/2018\/12\/flaticon_training-150x150.png 150w, https:\/\/www.vs3analytics.ca\/wp-content\/uploads\/2018\/12\/flaticon_training.png 512w\" sizes=\"auto, (max-width: 300px) 100vw, 300px\" alt=\"\" \t\tclass=\"so-widget-image\"\/>\n\t<\/div>\n\n<\/div><\/div><\/div><\/div><\/div><\/div><\/div><\/div><\/div><div id=\"panel-3626-0-0-2\" class=\"so-panel widget widget_siteorigin-panels-builder\" data-index=\"2\" ><div class=\"container panel-widget-style panel-widget-style-for-3626-0-0-2\" ><div id=\"pl-w5d974421dae35\"  class=\"panel-layout\" ><div id=\"pg-w5d974421dae35-0\"  class=\"panel-grid panel-no-style\" ><div id=\"pgc-w5d974421dae35-0-0\"  class=\"panel-grid-cell\" ><div id=\"panel-w5d974421dae35-0-0-0\" class=\"so-panel widget widget_sow-editor panel-first-child panel-last-child\" data-index=\"0\" ><div class=\"rounded p-2 mb-3 panel-widget-style panel-widget-style-for-w5d974421dae35-0-0-0\" ><div\n\t\t\t\n\t\t\tclass=\"so-widget-sow-editor so-widget-sow-editor-base\"\n\t\t\t\n\t\t>\n<div class=\"siteorigin-widget-tinymce textwidget\">\n\t<h3 style=\"text-align: center;\">Liste des services offerts<\/h3>\n<p>&nbsp;<\/p>\n<p style=\"text-align: center;\">Maintenance de vos solutions actuelles<\/p>\n<p style=\"text-align: center;\">Support en entreprise et en ligne<\/p>\n<p style=\"text-align: center;\">Microsoft PowerBI, Excel, DAX, SQL, VBA, R<\/p>\n<p style=\"text-align: center;\">Formations offertes en collaboration avec le CFO masqu\u00e9<\/p>\n<p style=\"text-align: center;\"><a href=\"https:\/\/www.lecfomasque.com\/formations\/ref\/43\/\">(cliquez ici pour la liste compl\u00e8te des formations)<\/a><\/p>\n<\/div>\n<\/div><\/div><\/div><\/div><\/div><\/div><\/div><\/div><div id=\"panel-3626-0-0-3\" class=\"so-panel widget widget_sow-button panel-last-child\" data-index=\"3\" ><div class=\"panel-widget-style panel-widget-style-for-3626-0-0-3\" ><div\n\t\t\t\n\t\t\tclass=\"so-widget-sow-button so-widget-sow-button-atom-deaa6c35d972-3626\"\n\t\t\t\n\t\t><div class=\"ow-button-base ow-button-align-center\">\n\t\t\t<a\n\t\t\t\t\thref=\"https:\/\/www.vs3analytics.ca\/fr\/nous-joindre\/\"\n\t\t\t\t\tclass=\"sowb-button ow-icon-placement-left ow-button-hover\" \t>\n\t\t<span>\n\t\t\t\n\t\t\tContactez-nous d\u00e8s maintenant\t\t<\/span>\n\t\t\t<\/a>\n\t<\/div>\n<\/div><\/div><\/div><\/div><\/div><\/div><\/div>","protected":false},"excerpt":{"rendered":"<p>Maintenance et formation &nbsp; La maintenance de vos solutions est lourde et vos \u00e9quipes en place n&rsquo;ont pas le niveau d&rsquo;expertise requis ? Ne vous inqui\u00e9tez plus, nous sommes l\u00e0 pour vous supporter avec l&rsquo;\u00e9volution de vos solutions actuelles et la formation de vos ressources par l&rsquo;entremise de notre expertise en analytique ainsi que par [&hellip;]<\/p>\n","protected":false},"author":2,"featured_media":0,"parent":0,"menu_order":0,"comment_status":"closed","ping_status":"closed","template":"","meta":{"_monsterinsights_skip_tracking":false,"_monsterinsights_sitenote_active":false,"_monsterinsights_sitenote_note":"","_monsterinsights_sitenote_category":0,"footnotes":""},"class_list":["post-3626","page","type-page","status-publish","hentry"],"_links":{"self":[{"href":"https:\/\/www.vs3analytics.ca\/fr\/wp-json\/wp\/v2\/pages\/3626","targetHints":{"allow":["GET"]}}],"collection":[{"href":"https:\/\/www.vs3analytics.ca\/fr\/wp-json\/wp\/v2\/pages"}],"about":[{"href":"https:\/\/www.vs3analytics.ca\/fr\/wp-json\/wp\/v2\/types\/page"}],"author":[{"embeddable":true,"href":"https:\/\/www.vs3analytics.ca\/fr\/wp-json\/wp\/v2\/users\/2"}],"replies":[{"embeddable":true,"href":"https:\/\/www.vs3analytics.ca\/fr\/wp-json\/wp\/v2\/comments?post=3626"}],"version-history":[{"count":0,"href":"https:\/\/www.vs3analytics.ca\/fr\/wp-json\/wp\/v2\/pages\/3626\/revisions"}],"wp:attachment":[{"href":"https:\/\/www.vs3analytics.ca\/fr\/wp-json\/wp\/v2\/media?parent=3626"}],"curies":[{"name":"wp","href":"https:\/\/api.w.org\/{rel}","templated":true}]}}