{"id":3618,"date":"2019-10-03T12:33:58","date_gmt":"2019-10-03T12:33:58","guid":{"rendered":"https:\/\/www.vs3analytics.ca\/?page_id=3618"},"modified":"2021-02-10T17:37:31","modified_gmt":"2021-02-10T17:37:31","slug":"services-webapp","status":"publish","type":"page","link":"https:\/\/www.vs3analytics.ca\/fr\/services-webapp\/","title":{"rendered":"Services -\u00c9valuation du potentiel analytique"},"content":{"rendered":"<div id=\"pl-3618\"  class=\"panel-layout\" ><div id=\"pg-3618-0\"  class=\"panel-grid panel-has-style\" ><div class=\"fade-in charles-hero panel-row-style panel-row-style-for-3618-0\" ><div id=\"pgc-3618-0-0\"  class=\"panel-grid-cell\" ><div id=\"panel-3618-0-0-0\" class=\"so-panel widget widget_sow-hero panel-first-child\" data-index=\"0\" ><div\n\t\t\t\n\t\t\tclass=\"so-widget-sow-hero so-widget-sow-hero-default-35fb7380a01c-3618 so-widget-fittext-wrapper\"\n\t\t\t data-fit-text-compressor=\"0.85\"\n\t\t>\t\t\t\t<div class=\"sow-slider-base\" style=\"display: none\" tabindex=\"0\">\n\t\t\t\t\t<ul\n\t\t\t\t\tclass=\"sow-slider-images\"\n\t\t\t\t\tdata-settings=\"{&quot;pagination&quot;:true,&quot;speed&quot;:800,&quot;timeout&quot;:8000,&quot;paused&quot;:false,&quot;pause_on_hover&quot;:false,&quot;swipe&quot;:true,&quot;nav_always_show_desktop&quot;:&quot;&quot;,&quot;nav_always_show_mobile&quot;:&quot;&quot;,&quot;breakpoint&quot;:&quot;780px&quot;,&quot;unmute&quot;:false,&quot;anchor&quot;:null}\"\n\t\t\t\t\tstyle=\"min-height: 300px\"\t\t\t\t\tdata-anchor-id=\"\"\n\t\t\t\t>\t\t<li class=\"sow-slider-image  sow-slider-image-cover\" style=\"visibility: visible;;background-color: #333333;background-image: url(https:\/\/www.vs3analytics.ca\/wp-content\/uploads\/2018\/06\/rawpixel-594763-unsplash.jpg)\" >\n\t\t\t\t\t<div class=\"sow-slider-image-container\">\n\t\t\t<div class=\"sow-slider-image-wrapper\">\n\t\t\t\t\t\t\t<\/div>\n\t\t<\/div>\n\t\t\t\t<\/li>\n\t\t<\/ul>\t\t\t\t<ol class=\"sow-slider-pagination\">\n\t\t\t\t\t\t\t\t\t\t\t<li><a href=\"#\" data-goto=\"0\" aria-label=\"Display slide 1\"><\/a><\/li>\n\t\t\t\t\t\t\t\t\t<\/ol>\n\n\t\t\t\t<div class=\"sow-slide-nav sow-slide-nav-next\">\n\t\t\t\t\t<a href=\"#\" data-goto=\"next\" aria-label=\"Next slide\" data-action=\"next\">\n\t\t\t\t\t\t<em class=\"sow-sld-icon-thin-right\"><\/em>\n\t\t\t\t\t<\/a>\n\t\t\t\t<\/div>\n\n\t\t\t\t<div class=\"sow-slide-nav sow-slide-nav-prev\">\n\t\t\t\t\t<a href=\"#\" data-goto=\"previous\" aria-label=\"Previous slide\" data-action=\"prev\">\n\t\t\t\t\t\t<em class=\"sow-sld-icon-thin-left\"><\/em>\n\t\t\t\t\t<\/a>\n\t\t\t\t<\/div>\n\t\t\t\t<\/div><\/div><\/div><div id=\"panel-3618-0-0-1\" class=\"so-panel widget widget_siteorigin-panels-builder\" data-index=\"1\" ><div class=\"container-fluid panel-widget-style panel-widget-style-for-3618-0-0-1\" ><div id=\"pl-w602419db09965\"  class=\"panel-layout\" ><div id=\"pg-w602419db09965-0\"  class=\"panel-grid panel-has-style\" ><div class=\"panel-row-style panel-row-style-for-w602419db09965-0\" ><div id=\"pgc-w602419db09965-0-0\"  class=\"panel-grid-cell\" ><div id=\"panel-w602419db09965-0-0-0\" class=\"so-panel widget widget_sow-editor panel-first-child panel-last-child\" data-index=\"0\" ><div class=\"panel-widget-style panel-widget-style-for-w602419db09965-0-0-0\" ><div\n\t\t\t\n\t\t\tclass=\"so-widget-sow-editor so-widget-sow-editor-base\"\n\t\t\t\n\t\t><h3 class=\"widget-title\">\u00c9valuation du potentiel analytique<\/h3>\n<div class=\"siteorigin-widget-tinymce textwidget\">\n\t<p>&nbsp;<\/p>\n<p>Il n'est pas \u00e9vident d'identifier les possibilit\u00e9s d'am\u00e9lioration et d'optimisation des affaires associ\u00e9es aux donn\u00e9es.<\/p>\n<p>&nbsp;<\/p>\n<p>C'est pourquoi nous vous accompagnons dans l'identification et la planification des projets analytiques pertinents pour vos besoins. \u00c0 l'aide de notre expertise, nous saurons vous guider vers la mise en place de solutions \"data driven\" qui vous permettront de progressivement mettre en place une culture des donn\u00e9es dans votre entreprise.<\/p>\n<p>&nbsp;<\/p>\n<p>&nbsp;<\/p>\n<p>&nbsp;<\/p>\n<p>&nbsp;<\/p>\n<p>&nbsp;<\/p>\n<\/div>\n<\/div><\/div><\/div><\/div><div id=\"pgc-w602419db09965-0-1\"  class=\"panel-grid-cell\" ><div id=\"panel-w602419db09965-0-1-0\" class=\"so-panel widget widget_sow-image panel-first-child panel-last-child\" data-index=\"1\" ><div class=\"panel-widget-style panel-widget-style-for-w602419db09965-0-1-0\" ><div\n\t\t\t\n\t\t\tclass=\"so-widget-sow-image so-widget-sow-image-default-c67d20f9f743\"\n\t\t\t\n\t\t>\n<div class=\"sow-image-container\">\n\t\t<img loading=\"lazy\" decoding=\"async\" src=\"https:\/\/www.vs3analytics.ca\/wp-content\/uploads\/2019\/10\/cloud-computing-300x300.png\" width=\"300\" height=\"300\" srcset=\"https:\/\/www.vs3analytics.ca\/wp-content\/uploads\/2019\/10\/cloud-computing-300x300.png 300w, https:\/\/www.vs3analytics.ca\/wp-content\/uploads\/2019\/10\/cloud-computing-150x150.png 150w, https:\/\/www.vs3analytics.ca\/wp-content\/uploads\/2019\/10\/cloud-computing.png 512w\" sizes=\"auto, (max-width: 300px) 100vw, 300px\" alt=\"\" \t\tclass=\"so-widget-image\"\/>\n\t<\/div>\n\n<\/div><\/div><\/div><\/div><\/div><\/div><\/div><\/div><\/div><div id=\"panel-3618-0-0-2\" class=\"so-panel widget widget_siteorigin-panels-builder\" data-index=\"2\" ><div class=\"container panel-widget-style panel-widget-style-for-3618-0-0-2\" ><div id=\"pl-w602419b59ac2b\"  class=\"panel-layout\" ><div id=\"pg-w602419b59ac2b-0\"  class=\"panel-grid panel-no-style\" ><div id=\"pgc-w602419b59ac2b-0-0\"  class=\"panel-grid-cell\" ><div id=\"panel-w602419b59ac2b-0-0-0\" class=\"so-panel widget widget_sow-editor panel-first-child panel-last-child\" data-index=\"0\" ><div class=\"rounded p-2 mb-3 panel-widget-style panel-widget-style-for-w602419b59ac2b-0-0-0\" ><div\n\t\t\t\n\t\t\tclass=\"so-widget-sow-editor so-widget-sow-editor-base\"\n\t\t\t\n\t\t>\n<div class=\"siteorigin-widget-tinymce textwidget\">\n\t<h3 style=\"text-align: center;\">Liste des services offerts<\/h3>\n<p>&nbsp;<\/p>\n<p style=\"text-align: center;\">Analyse des probl\u00e9matiques et besoins<\/p>\n<p style=\"text-align: center;\">Analyse des donn\u00e9es disponibles<\/p>\n<p style=\"text-align: center;\">Identification des donn\u00e9es requises<\/p>\n<p style=\"text-align: center;\">Recommandations<\/p>\n<p style=\"text-align: center;\">D\u00e9veloppement d'une feuille de route analytique<\/p>\n<\/div>\n<\/div><\/div><\/div><\/div><\/div><\/div><\/div><\/div><div id=\"panel-3618-0-0-3\" class=\"so-panel widget widget_sow-button panel-last-child\" data-index=\"3\" ><div class=\"panel-widget-style panel-widget-style-for-3618-0-0-3\" ><div\n\t\t\t\n\t\t\tclass=\"so-widget-sow-button so-widget-sow-button-atom-deaa6c35d972-3618\"\n\t\t\t\n\t\t><div class=\"ow-button-base ow-button-align-center\">\n\t\t\t<a\n\t\t\t\t\thref=\"https:\/\/www.vs3analytics.ca\/fr\/nous-joindre\/\"\n\t\t\t\t\tclass=\"sowb-button ow-icon-placement-left ow-button-hover\" \t>\n\t\t<span>\n\t\t\t\n\t\t\tContactez-nous d\u00e8s maintenant\t\t<\/span>\n\t\t\t<\/a>\n\t<\/div>\n<\/div><\/div><\/div><\/div><\/div><\/div><\/div>","protected":false},"excerpt":{"rendered":"<p>\u00c9valuation du potentiel analytique &nbsp; Il n&rsquo;est pas \u00e9vident d&rsquo;identifier les possibilit\u00e9s d&rsquo;am\u00e9lioration et d&rsquo;optimisation des affaires associ\u00e9es aux donn\u00e9es. &nbsp; C&rsquo;est pourquoi nous vous accompagnons dans l&rsquo;identification et la planification des projets analytiques pertinents pour vos besoins. \u00c0 l&rsquo;aide de notre expertise, nous saurons vous guider vers la mise en place de solutions \u00ab\u00a0data [&hellip;]<\/p>\n","protected":false},"author":2,"featured_media":0,"parent":0,"menu_order":0,"comment_status":"closed","ping_status":"closed","template":"","meta":{"_monsterinsights_skip_tracking":false,"_monsterinsights_sitenote_active":false,"_monsterinsights_sitenote_note":"","_monsterinsights_sitenote_category":0,"footnotes":""},"class_list":["post-3618","page","type-page","status-publish","hentry"],"_links":{"self":[{"href":"https:\/\/www.vs3analytics.ca\/fr\/wp-json\/wp\/v2\/pages\/3618","targetHints":{"allow":["GET"]}}],"collection":[{"href":"https:\/\/www.vs3analytics.ca\/fr\/wp-json\/wp\/v2\/pages"}],"about":[{"href":"https:\/\/www.vs3analytics.ca\/fr\/wp-json\/wp\/v2\/types\/page"}],"author":[{"embeddable":true,"href":"https:\/\/www.vs3analytics.ca\/fr\/wp-json\/wp\/v2\/users\/2"}],"replies":[{"embeddable":true,"href":"https:\/\/www.vs3analytics.ca\/fr\/wp-json\/wp\/v2\/comments?post=3618"}],"version-history":[{"count":0,"href":"https:\/\/www.vs3analytics.ca\/fr\/wp-json\/wp\/v2\/pages\/3618\/revisions"}],"wp:attachment":[{"href":"https:\/\/www.vs3analytics.ca\/fr\/wp-json\/wp\/v2\/media?parent=3618"}],"curies":[{"name":"wp","href":"https:\/\/api.w.org\/{rel}","templated":true}]}}