{"id":3508,"date":"2019-06-03T21:41:30","date_gmt":"2019-06-03T21:41:30","guid":{"rendered":"https:\/\/www.vs3analytics.ca\/?page_id=3508"},"modified":"2020-09-17T13:28:56","modified_gmt":"2020-09-17T13:28:56","slug":"blog","status":"publish","type":"page","link":"https:\/\/www.vs3analytics.ca\/fr\/blog\/","title":{"rendered":"Blogue"},"content":{"rendered":"<div id=\"pl-3508\"  class=\"panel-layout\" ><div id=\"pg-3508-0\"  class=\"panel-grid panel-has-style\" ><div class=\"panel-row-style panel-row-style-for-3508-0\" ><div id=\"pgc-3508-0-0\"  class=\"panel-grid-cell\" ><div id=\"panel-3508-0-0-0\" class=\"so-panel widget widget_sow-editor panel-first-child panel-last-child\" data-index=\"0\" ><div\n\t\t\t\n\t\t\tclass=\"so-widget-sow-editor so-widget-sow-editor-base\"\n\t\t\t\n\t\t>\n<div class=\"siteorigin-widget-tinymce textwidget\">\n\t<h1>Blogue<\/h1>\n<p>Bienvenue sur le blogue de VS3analytics !<\/p>\n<\/div>\n<\/div><\/div><\/div><\/div><\/div><div id=\"pg-3508-1\"  class=\"panel-grid panel-has-style\" ><div class=\"panel-row-style panel-row-style-for-3508-1\" ><div id=\"pgc-3508-1-0\"  class=\"panel-grid-cell\" ><div id=\"panel-3508-1-0-0\" class=\"so-panel widget widget_siteorigin-panels-postloop panel-first-child panel-last-child\" data-index=\"1\" ><img decoding=\"async\" src=\"https:\/\/www.vs3analytics.ca\/wp-content\/uploads\/2024\/03\/cover.jpg\" style=\"width:100%;max-width:600px;display:block;padding-bottom:15px;\"\/>09 Sep 2024<h2 class=\"entry-title\"><a href=\"https:\/\/www.vs3analytics.ca\/fr\/analytique-daffaires\/quest-ce-quune-strategie-de-donnees-article-2-sur-2\/\" rel=\"bookmark\">Qu&rsquo;est-ce qu&rsquo;une strat\u00e9gie de donn\u00e9es ? (article 2 sur 2)<\/a><\/h2><p>&nbsp; Cet article fait suite \u00e0 la publication de celui-ci : Qu&rsquo;est-ce qu&rsquo;une strat\u00e9gie de donn\u00e9es ? (article 1 sur 2) Analyse d&rsquo;\u00e9cart avec la cible Une fois que le portrait de la situation actuelle est compl\u00e9t\u00e9, l\u2019\u00e9tape suivante consiste \u00e0 analyser les changements requis afin de d\u00e9ployer les solutions identifi\u00e9es pr\u00e9c\u00e9demment en fonction de [&hellip;]<\/p>\n<hr class='pb-5'>\t\t\t<img decoding=\"async\" src=\"https:\/\/www.vs3analytics.ca\/wp-content\/uploads\/2024\/03\/cover.jpg\" style=\"width:100%;max-width:600px;display:block;padding-bottom:15px;\"\/>18 Mar 2024<h2 class=\"entry-title\"><a href=\"https:\/\/www.vs3analytics.ca\/fr\/analytique-daffaires\/quest-ce-quune-strategie-de-donnees\/\" rel=\"bookmark\">Qu&rsquo;est-ce qu&rsquo;une strat\u00e9gie de donn\u00e9es ? (article 1 sur 2)<\/a><\/h2><p>\u00ab\u00a0Donnez-moi 6 heures pour couper un arbre et je passerai les 4 premi\u00e8res \u00e0 aiguiser ma hache.\u00a0\u00bb -Abraham Lincoln &nbsp; Dans cet article, je vous parlerai de la conception d&rsquo;une strat\u00e9gie de donn\u00e9es en abordant le contexte d&rsquo;une PME. Bien qu&rsquo;une entreprise de petite et moyenne taille fonctionne avec des \u00e9quipes moins nombreuses et poss\u00e8de [&hellip;]<\/p>\n<hr class='pb-5'>\t\t\t<img decoding=\"async\" src=\"https:\/\/www.vs3analytics.ca\/wp-content\/uploads\/2021\/03\/m6img.png\" style=\"width:100%;max-width:600px;display:block;padding-bottom:15px;\"\/>13 Mar 2021<h2 class=\"entry-title\"><a href=\"https:\/\/www.vs3analytics.ca\/fr\/analytique-daffaires\/mythe-6-les-donnees-fournissent-une-representation-parfaite-de-la-realite\/\" rel=\"bookmark\">Mythe #6 : Les donn\u00e9es fournissent une repr\u00e9sentation parfaite de la r\u00e9alit\u00e9<\/a><\/h2><p>Lorsque nous nous retrouvons devant une feuille de donn\u00e9es Excel ou lorsque nous voyons passer certaines donn\u00e9es dans les m\u00e9dias, il peut \u00eatre facile d\u2019assumer que celles-ci sont valides \u00e0 100% et qu\u2019elles repr\u00e9sentent parfaitement le ph\u00e9nom\u00e8ne d\u00e9crit. De plus, si ces donn\u00e9es proviennent d\u2019un syst\u00e8me automatis\u00e9, il est encore plus facile de tomber dans [&hellip;]<\/p>\n<hr class='pb-5'>\t\t\t<img decoding=\"async\" src=\"https:\/\/www.vs3analytics.ca\/wp-content\/uploads\/2021\/02\/mythe5.png\" style=\"width:100%;max-width:600px;display:block;padding-bottom:15px;\"\/>22 F\u00e9v 2021<h2 class=\"entry-title\"><a href=\"https:\/\/www.vs3analytics.ca\/fr\/analytique-daffaires\/mythe-5-correlation-causalite\/\" rel=\"bookmark\">Mythe #5 : Corr\u00e9lation = causalit\u00e9<\/a><\/h2><p>Dans toutes sortes de situations, il nous arrive d\u2019identifier des liens entre diff\u00e9rents \u00e9l\u00e9ments qui semblent associ\u00e9s entre eux. Cons\u00e9quemment, nous avons souvent tendance \u00e0 penser que l\u2019un doit n\u00e9cessairement causer l\u2019autre. Ce ph\u00e9nom\u00e8ne est bien connu mais n\u00e9anmoins, il est facile de tomber dans ce pi\u00e8ge. La confusion entre la corr\u00e9lation et la causalit\u00e9 [&hellip;]<\/p>\n<hr class='pb-5'>\t\t\t<img decoding=\"async\" src=\"https:\/\/www.vs3analytics.ca\/wp-content\/uploads\/2021\/02\/mythe4.png\" style=\"width:100%;max-width:600px;display:block;padding-bottom:15px;\"\/>22 F\u00e9v 2021<h2 class=\"entry-title\"><a href=\"https:\/\/www.vs3analytics.ca\/fr\/analytique-daffaires\/mythe-4-plus-de-donnees-plus-dinsights\/\" rel=\"bookmark\">Mythe #4 : Plus de donn\u00e9es = plus d&rsquo;insights<\/a><\/h2><p>Dans un monde o\u00f9 la quantit\u00e9 de donn\u00e9es g\u00e9n\u00e9r\u00e9es chaque jour est en croissance exponentielle, o\u00f9 l\u2019on entend toutes sortes d\u2019analogies telles que les donn\u00e9es sont le nouveau p\u00e9trole (data is the new oil), il est facile de penser que plus nous avons de ces donn\u00e9es en notre possession, plus nous aurons d\u2019insights. Mais est-ce [&hellip;]<\/p>\n<hr class='pb-5'>\t\t\t<img decoding=\"async\" src=\"https:\/\/www.vs3analytics.ca\/wp-content\/uploads\/2021\/02\/mythe3.png\" style=\"width:100%;max-width:600px;display:block;padding-bottom:15px;\"\/>11 F\u00e9v 2021<h2 class=\"entry-title\"><a href=\"https:\/\/www.vs3analytics.ca\/fr\/analytique-daffaires\/mythe-3-lintelligence-daffaires-est-un-tableau-de-bord\/\" rel=\"bookmark\">Mythe #3 : L&rsquo;intelligence d&rsquo;affaires est un tableau de bord<\/a><\/h2><p>Si nous demandons aux gens autour de nous qu\u2019est-ce que l\u2019intelligence d\u2019affaires, il est fort probable que la moiti\u00e9 d\u2019entre eux r\u00e9pondront que c\u2019est un tableau de bord contenant diff\u00e9rents graphiques et indicateurs de performance. En effet, le tableau de bord est souvent la premi\u00e8re image mentale que nous avons lorsque nous pensons \u00e0 ce [&hellip;]<\/p>\n<hr class='pb-5'>\t\t\t<img decoding=\"async\" src=\"https:\/\/www.vs3analytics.ca\/wp-content\/uploads\/2021\/02\/Mythe2-8.png\" style=\"width:100%;max-width:600px;display:block;padding-bottom:15px;\"\/>03 F\u00e9v 2021<h2 class=\"entry-title\"><a href=\"https:\/\/www.vs3analytics.ca\/fr\/analytique-daffaires\/mythe-2-la-technologie-est-la-cle-pour-valoriser-les-donnees\/\" rel=\"bookmark\">Mythe #2 : La technologie est la cl\u00e9 pour valoriser les donn\u00e9es<\/a><\/h2><p>Pour d\u00e9couvrir des \u00ab insights \u00bb, il suffit d\u2019acheter un logiciel permettant d\u2019int\u00e9grer toutes nos donn\u00e9es et de lui demander de g\u00e9n\u00e9rer des informations pertinentes \u00e0 notre entreprise automatiquement. Facile l\u2019analytique n\u2019est-ce pas ? \u00c9videmment, ce n&rsquo;est pas tout \u00e0 fait le cas&#8230; &nbsp; Autres \u00e9l\u00e9ments importants Bien que les logiciels offerts aujourd\u2019hui sont extr\u00eamement [&hellip;]<\/p>\n<hr class='pb-5'>\t\t\t<img decoding=\"async\" src=\"https:\/\/www.vs3analytics.ca\/wp-content\/uploads\/2021\/02\/mythe1-8.png\" style=\"width:100%;max-width:600px;display:block;padding-bottom:15px;\"\/>02 F\u00e9v 2021<h2 class=\"entry-title\"><a href=\"https:\/\/www.vs3analytics.ca\/fr\/analytique-daffaires\/mythe-1-lintelligence-daffaires-cest-seulement-pour-les-grandes-entreprises-technologiques\/\" rel=\"bookmark\">Mythe #1 : L&rsquo;analyse des donn\u00e9es, c&rsquo;est seulement pour les entreprises de grande taille<\/a><\/h2><p>Pour diff\u00e9rentes raisons, nous pouvons avoir tendance \u00e0 penser que l\u2019analyse des donn\u00e9es dans l\u2019objectif d\u2019am\u00e9liorer la performance des affaires (produits, services, gestion, croissance) n\u2019est pas accessible pour une entreprise de petite ou moyenne taille. Nous constatons quotidiennement que des entreprises telles que Amazon, Netflix ou Facebook ont des mod\u00e8les d\u2019affaires bas\u00e9s sur la connaissance [&hellip;]<\/p>\n<hr class='pb-5'>\t\t\t<img decoding=\"async\" src=\"https:\/\/www.vs3analytics.ca\/wp-content\/uploads\/2021\/02\/mythesprincipes.png\" style=\"width:100%;max-width:600px;display:block;padding-bottom:15px;\"\/>02 F\u00e9v 2021<h2 class=\"entry-title\"><a href=\"https:\/\/www.vs3analytics.ca\/fr\/analytique-daffaires\/mythes-et-principes-de-lintelligence-daffaires\/\" rel=\"bookmark\">Mythes et principes de l&rsquo;intelligence d&rsquo;affaires<\/a><\/h2><p>Dans le cadre de cette s\u00e9rie d\u2019articles sur l\u2019intelligence d\u2019affaires, je vous entretiendrai tout d\u2019abord sur diff\u00e9rents mythes populaires ainsi que d\u2019autres en lien avec mon exp\u00e9rience personnelle suite \u00e0 la r\u00e9alisation de plusieurs projets dans ce domaine, principalement avec des PME. La premi\u00e8re section sera donc d\u00e9di\u00e9e \u00e0 pr\u00e9senter ce que n\u2019est pas l\u2019intelligence [&hellip;]<\/p>\n<hr class='pb-5'>\t\t\t<img decoding=\"async\" src=\"https:\/\/www.vs3analytics.ca\/wp-content\/uploads\/2019\/06\/analytiqueVSintelligence-3.png\" style=\"width:100%;max-width:600px;display:block;padding-bottom:15px;\"\/>04 Juin 2019<h2 class=\"entry-title\"><a href=\"https:\/\/www.vs3analytics.ca\/fr\/analytique-daffaires\/difference-entre-intelligence-daffaires-et-analytique-daffaires\/\" rel=\"bookmark\">Diff\u00e9rence entre intelligence d&rsquo;affaires, analytique d&rsquo;affaires et autres termes<\/a><\/h2><p>L&rsquo;analyse des donn\u00e9es est un domaine en pleine \u00e9volution qui fait r\u00e9f\u00e9rence \u00e0 plusieurs sujets \u00e0 la fois. De nombreux termes sont utilis\u00e9s pour d\u00e9crire ce domaine et par cons\u00e9quent, il est parfois difficile de s&rsquo;y retrouver. Cet article vise \u00e0 d\u00e9mystifier certains des \u00ab\u00a0buzzword\u00a0\u00bb employ\u00e9s. Voici un tableau provenant de Google Trend pr\u00e9sentant la [&hellip;]<\/p>\n<hr class='pb-5'>\t\t\t<\/div><\/div><\/div><\/div><\/div>","protected":false},"excerpt":{"rendered":"<p>L&rsquo;analyse des donn\u00e9es est un domaine en pleine \u00e9volution qui fait r\u00e9f\u00e9rence \u00e0 plusieurs sujets \u00e0 la fois. De nombreux termes sont utilis\u00e9s pour d\u00e9crire ce domaine et par cons\u00e9quent, il est parfois difficile de s&rsquo;y retrouver. Cet article vise \u00e0 d\u00e9mystifier certains des \u00ab\u00a0buzzword\u00a0\u00bb employ\u00e9s. Voici un tableau provenant de Google Trend pr\u00e9sentant la [&hellip;]<\/p>\n","protected":false},"author":2,"featured_media":0,"parent":0,"menu_order":0,"comment_status":"closed","ping_status":"closed","template":"","meta":{"_monsterinsights_skip_tracking":false,"_monsterinsights_sitenote_active":false,"_monsterinsights_sitenote_note":"","_monsterinsights_sitenote_category":0,"footnotes":""},"class_list":["post-3508","page","type-page","status-publish","hentry"],"_links":{"self":[{"href":"https:\/\/www.vs3analytics.ca\/fr\/wp-json\/wp\/v2\/pages\/3508","targetHints":{"allow":["GET"]}}],"collection":[{"href":"https:\/\/www.vs3analytics.ca\/fr\/wp-json\/wp\/v2\/pages"}],"about":[{"href":"https:\/\/www.vs3analytics.ca\/fr\/wp-json\/wp\/v2\/types\/page"}],"author":[{"embeddable":true,"href":"https:\/\/www.vs3analytics.ca\/fr\/wp-json\/wp\/v2\/users\/2"}],"replies":[{"embeddable":true,"href":"https:\/\/www.vs3analytics.ca\/fr\/wp-json\/wp\/v2\/comments?post=3508"}],"version-history":[{"count":0,"href":"https:\/\/www.vs3analytics.ca\/fr\/wp-json\/wp\/v2\/pages\/3508\/revisions"}],"wp:attachment":[{"href":"https:\/\/www.vs3analytics.ca\/fr\/wp-json\/wp\/v2\/media?parent=3508"}],"curies":[{"name":"wp","href":"https:\/\/api.w.org\/{rel}","templated":true}]}}