{"id":219,"date":"2018-06-02T22:03:44","date_gmt":"2018-06-02T22:03:44","guid":{"rendered":"https:\/\/www.vs3analytics.ca\/?page_id=219"},"modified":"2020-12-14T19:27:29","modified_gmt":"2020-12-14T19:27:29","slug":"intelligence-daffaires","status":"publish","type":"page","link":"https:\/\/www.vs3analytics.ca\/fr\/intelligence-daffaires\/","title":{"rendered":"Intelligence d&rsquo;affaires"},"content":{"rendered":"<div id=\"pl-219\"  class=\"panel-layout\" ><div id=\"pg-219-0\"  class=\"panel-grid panel-has-style\" ><div class=\"fade-in siteorigin-panels-stretch panel-row-style panel-row-style-for-219-0\" data-stretch-type=\"full\" ><div id=\"pgc-219-0-0\"  class=\"panel-grid-cell\" ><div id=\"panel-219-0-0-0\" class=\"so-panel widget widget_sow-hero panel-first-child panel-last-child\" data-index=\"0\" ><div class=\"panel-widget-style panel-widget-style-for-219-0-0-0\" ><div\n\t\t\t\n\t\t\tclass=\"so-widget-sow-hero so-widget-sow-hero-default-35fb7380a01c-219 so-widget-fittext-wrapper\"\n\t\t\t data-fit-text-compressor=\"0.85\"\n\t\t>\t\t\t\t<div class=\"sow-slider-base\" style=\"display: none\" tabindex=\"0\">\n\t\t\t\t\t<ul\n\t\t\t\t\tclass=\"sow-slider-images\"\n\t\t\t\t\tdata-settings=\"{&quot;pagination&quot;:true,&quot;speed&quot;:800,&quot;timeout&quot;:8000,&quot;paused&quot;:false,&quot;pause_on_hover&quot;:false,&quot;swipe&quot;:true,&quot;nav_always_show_desktop&quot;:&quot;&quot;,&quot;nav_always_show_mobile&quot;:&quot;&quot;,&quot;breakpoint&quot;:&quot;780px&quot;,&quot;unmute&quot;:false,&quot;anchor&quot;:null}\"\n\t\t\t\t\tstyle=\"min-height: 300px\"\t\t\t\t\tdata-anchor-id=\"\"\n\t\t\t\t>\t\t<li class=\"sow-slider-image  sow-slider-image-cover\" style=\"visibility: visible;;background-color: #333333;background-image: url(https:\/\/www.vs3analytics.ca\/wp-content\/uploads\/2018\/06\/iStock_000007842779_Large.jpeg)\" >\n\t\t\t\t\t<div class=\"sow-slider-image-container\">\n\t\t\t<div class=\"sow-slider-image-wrapper\">\n\t\t\t\t\t\t\t<\/div>\n\t\t<\/div>\n\t\t\t\t<\/li>\n\t\t<\/ul>\t\t\t\t<ol class=\"sow-slider-pagination\">\n\t\t\t\t\t\t\t\t\t\t\t<li><a href=\"#\" data-goto=\"0\" aria-label=\"Display slide 1\"><\/a><\/li>\n\t\t\t\t\t\t\t\t\t<\/ol>\n\n\t\t\t\t<div class=\"sow-slide-nav sow-slide-nav-next\">\n\t\t\t\t\t<a href=\"#\" data-goto=\"next\" aria-label=\"Next slide\" data-action=\"next\">\n\t\t\t\t\t\t<em class=\"sow-sld-icon-thin-right\"><\/em>\n\t\t\t\t\t<\/a>\n\t\t\t\t<\/div>\n\n\t\t\t\t<div class=\"sow-slide-nav sow-slide-nav-prev\">\n\t\t\t\t\t<a href=\"#\" data-goto=\"previous\" aria-label=\"Previous slide\" data-action=\"prev\">\n\t\t\t\t\t\t<em class=\"sow-sld-icon-thin-left\"><\/em>\n\t\t\t\t\t<\/a>\n\t\t\t\t<\/div>\n\t\t\t\t<\/div><\/div><\/div><\/div><\/div><\/div><\/div><div id=\"pg-219-1\"  class=\"panel-grid panel-has-style\" ><div class=\"container-fluid fade-in panel-row-style panel-row-style-for-219-1\" ><div id=\"pgc-219-1-0\"  class=\"panel-grid-cell\" ><div id=\"panel-219-1-0-0\" class=\"so-panel widget widget_sow-editor panel-first-child panel-last-child\" data-index=\"1\" ><div class=\"panel-widget-style panel-widget-style-for-219-1-0-0\" ><div\n\t\t\t\n\t\t\tclass=\"so-widget-sow-editor so-widget-sow-editor-base\"\n\t\t\t\n\t\t><h3 class=\"widget-title\">Qu'est-ce que l'intelligence d'affaires ?<\/h3>\n<div class=\"siteorigin-widget-tinymce textwidget\">\n\t<p>En cette \u00e8re de transformation digitale, la quantit\u00e9 d'information produite croit \u00e0 un rythme exponentiel et la liste des objets connect\u00e9s ne cesse d'augmenter : t\u00e9l\u00e9phones, tablettes, montres, machines de toutes sortes, voitures et m\u00eame les maisons! Combin\u00e9 \u00e0 une capacit\u00e9 de traitement ainsi que de stockage virtuellement illimit\u00e9, nous avons maintenant acc\u00e8s \u00e0 une tonne de donn\u00e9es, provenant de notre environnement, au bout de nos doigts. Cela engendre \u00e0 la fois plusieurs opportunit\u00e9s, mais aussi plusieurs d\u00e9fis.<\/p>\n<p style=\"text-align: left;\">Le domaine de l'intelligence d'affaires d\u00e9signe un ensemble de m\u00e9thodes et de technologies ayant pour objectif d'int\u00e9grer, de structurer et de synth\u00e9tiser ces donn\u00e9es afin de transformer le tout en connaissance permettant de supporter les d\u00e9cisions d'affaires. Voici quelques exemples de questions pouvant \u00eatre r\u00e9pondues par un mod\u00e8le d'intelligence d'affaires :<\/p>\n<ul>\n<li>Qui sont mes meilleurs clients ?<\/li>\n<li>Quels secteurs d'activit\u00e9s sont les plus profitables ?<\/li>\n<li>Comment puis-je augmenter mes ventes ?<\/li>\n<li>Quels sont les impacts de mes coupures ?<\/li>\n<li>Comment pouvons-nous am\u00e9liorer la productivit\u00e9 ?<\/li>\n<li>Quels produits ont le plus grand potentiel de croissance ?<\/li>\n<\/ul>\n<\/div>\n<\/div><\/div><\/div><\/div><div id=\"pgc-219-1-1\"  class=\"panel-grid-cell\" ><div id=\"panel-219-1-1-0\" class=\"so-panel widget widget_sow-image panel-first-child panel-last-child\" data-index=\"2\" ><div class=\"panel-widget-style panel-widget-style-for-219-1-1-0\" ><div\n\t\t\t\n\t\t\tclass=\"so-widget-sow-image so-widget-sow-image-default-c67d20f9f743-219\"\n\t\t\t\n\t\t>\n<div class=\"sow-image-container\">\n\t\t<img loading=\"lazy\" decoding=\"async\" src=\"https:\/\/www.vs3analytics.ca\/wp-content\/uploads\/2018\/07\/bi_structure_v2.png\" width=\"1460\" height=\"810\" srcset=\"https:\/\/www.vs3analytics.ca\/wp-content\/uploads\/2018\/07\/bi_structure_v2.png 1460w, https:\/\/www.vs3analytics.ca\/wp-content\/uploads\/2018\/07\/bi_structure_v2-300x166.png 300w, https:\/\/www.vs3analytics.ca\/wp-content\/uploads\/2018\/07\/bi_structure_v2-768x426.png 768w, https:\/\/www.vs3analytics.ca\/wp-content\/uploads\/2018\/07\/bi_structure_v2-1024x568.png 1024w\" sizes=\"auto, (max-width: 1460px) 100vw, 1460px\" alt=\"\" \t\tclass=\"so-widget-image\"\/>\n\t<\/div>\n\n<\/div><\/div><\/div><\/div><\/div><\/div><div id=\"pg-219-2\"  class=\"panel-grid panel-has-style\" ><div class=\"container-fluid fade-in panel-row-style panel-row-style-for-219-2\" ><div id=\"pgc-219-2-0\"  class=\"panel-grid-cell\" ><div id=\"panel-219-2-0-0\" class=\"so-panel widget widget_sow-editor panel-first-child panel-last-child\" data-index=\"3\" ><div\n\t\t\t\n\t\t\tclass=\"so-widget-sow-editor so-widget-sow-editor-base\"\n\t\t\t\n\t\t>\n<div class=\"siteorigin-widget-tinymce textwidget\">\n\t<p><strong>Concr\u00e8tement, la mise en place d'une solution d'intelligence d'affaires vise donc \u00e0 :<\/strong><\/p>\n<ul>\n<li>Rassembler les donn\u00e9es actuellement fragment\u00e9es dans plusieurs syst\u00e8mes distincts<\/li>\n<li>Assurer une information standard centralis\u00e9e<\/li>\n<li>Disposer d'une vue transversale des donn\u00e9es sur les diff\u00e9rents m\u00e9tiers<\/li>\n<li>Rendre l'information accessible aux intervenants appropri\u00e9s<\/li>\n<li>Prendre des d\u00e9cisions rapides et efficaces<\/li>\n<\/ul>\n<h3>Les entreprises adoptent des strat\u00e9gies qu'on appelle \"analytiques\" afin de mieux comprendre leur client\u00e8le et fournisseurs, de r\u00e9duire les co\u00fbts d'op\u00e9rations, de se d\u00e9marquer de la concurrence ou m\u00eame de d\u00e9velopper de nouveaux march\u00e9s.<\/h3>\n<\/div>\n<\/div><\/div><\/div><\/div><\/div><div id=\"pg-219-3\"  class=\"panel-grid panel-has-style\" ><div class=\"container-fluid fade-in panel-row-style panel-row-style-for-219-3\" ><div id=\"pgc-219-3-0\"  class=\"panel-grid-cell\" ><div id=\"panel-219-3-0-0\" class=\"so-panel widget widget_sow-editor panel-first-child panel-last-child\" data-index=\"4\" ><div class=\"panel-widget-style panel-widget-style-for-219-3-0-0\" ><div\n\t\t\t\n\t\t\tclass=\"so-widget-sow-editor so-widget-sow-editor-base\"\n\t\t\t\n\t\t>\n<div class=\"siteorigin-widget-tinymce textwidget\">\n\t<p>Non seulement est-il possible de faire des <strong>analyses descriptives qui visent \u00e0 comprendre ce qui s'est pass\u00e9 et pourquoi cela s'est pass\u00e9<\/strong>, mais aussi des<strong> analyses pr\u00e9dictives et prescriptives pour comprendre ce qui va se passer et ce qui devrait se passer<\/strong> pour atteindre un certain objectif.<\/p>\n<p>Par exemple, la compagnie Netflix utilise ses donn\u00e9es afin de pr\u00e9voir la demande ainsi que la probabilit\u00e9 de succ\u00e8s de ses prochains films ce qui lui donne un avantage concurrentiel par rapport \u00e0 la comp\u00e9tition. On peut \u00e9galement noter l'exemple de Starbucks qui utilise des solutions analytiques pour personnaliser l'exp\u00e9rience client, lancer des campagnes de marketing bas\u00e9es sur les pr\u00e9f\u00e9rences de ses clients et d\u00e9terminer la meilleure localisation de son prochain point de vente.<\/p>\n<\/div>\n<\/div><\/div><\/div><\/div><div id=\"pgc-219-3-1\"  class=\"panel-grid-cell\" ><div id=\"panel-219-3-1-0\" class=\"so-panel widget widget_sow-image panel-first-child panel-last-child\" data-index=\"5\" ><div class=\"panel-widget-style panel-widget-style-for-219-3-1-0\" ><div\n\t\t\t\n\t\t\tclass=\"so-widget-sow-image so-widget-sow-image-default-c67d20f9f743-219\"\n\t\t\t\n\t\t>\n<div class=\"sow-image-container\">\n\t\t<img loading=\"lazy\" decoding=\"async\" src=\"https:\/\/www.vs3analytics.ca\/wp-content\/uploads\/2018\/06\/prevpredpresc.png\" width=\"689\" height=\"452\" srcset=\"https:\/\/www.vs3analytics.ca\/wp-content\/uploads\/2018\/06\/prevpredpresc.png 689w, https:\/\/www.vs3analytics.ca\/wp-content\/uploads\/2018\/06\/prevpredpresc-300x197.png 300w\" sizes=\"auto, (max-width: 689px) 100vw, 689px\" alt=\"\" \t\tclass=\"so-widget-image\"\/>\n\t<\/div>\n\n<\/div><\/div><\/div><\/div><\/div><\/div><\/div>","protected":false},"excerpt":{"rendered":"<p>En cette \u00e8re de transformation digitale, la quantit\u00e9 d&rsquo;information produite croit \u00e0 un rythme exponentiel et la liste des objets connect\u00e9s ne cesse d&rsquo;augmenter : t\u00e9l\u00e9phones, tablettes, montres, machines de toutes sortes, voitures et m\u00eame les maisons! Combin\u00e9 \u00e0 une capacit\u00e9 de traitement ainsi que de stockage virtuellement illimit\u00e9, nous avons maintenant acc\u00e8s \u00e0 une [&hellip;]<\/p>\n","protected":false},"author":3,"featured_media":0,"parent":0,"menu_order":0,"comment_status":"closed","ping_status":"closed","template":"","meta":{"_monsterinsights_skip_tracking":false,"_monsterinsights_sitenote_active":false,"_monsterinsights_sitenote_note":"","_monsterinsights_sitenote_category":0,"footnotes":""},"class_list":["post-219","page","type-page","status-publish","hentry"],"_links":{"self":[{"href":"https:\/\/www.vs3analytics.ca\/fr\/wp-json\/wp\/v2\/pages\/219","targetHints":{"allow":["GET"]}}],"collection":[{"href":"https:\/\/www.vs3analytics.ca\/fr\/wp-json\/wp\/v2\/pages"}],"about":[{"href":"https:\/\/www.vs3analytics.ca\/fr\/wp-json\/wp\/v2\/types\/page"}],"author":[{"embeddable":true,"href":"https:\/\/www.vs3analytics.ca\/fr\/wp-json\/wp\/v2\/users\/3"}],"replies":[{"embeddable":true,"href":"https:\/\/www.vs3analytics.ca\/fr\/wp-json\/wp\/v2\/comments?post=219"}],"version-history":[{"count":0,"href":"https:\/\/www.vs3analytics.ca\/fr\/wp-json\/wp\/v2\/pages\/219\/revisions"}],"wp:attachment":[{"href":"https:\/\/www.vs3analytics.ca\/fr\/wp-json\/wp\/v2\/media?parent=219"}],"curies":[{"name":"wp","href":"https:\/\/api.w.org\/{rel}","templated":true}]}}